{"id":2875,"date":"2022-12-20T16:41:03","date_gmt":"2022-12-20T14:41:03","guid":{"rendered":"https:\/\/www.vsl.nl\/about-vsl\/about-metrology\/"},"modified":"2024-09-25T11:50:34","modified_gmt":"2024-09-25T09:50:34","slug":"about-metrology","status":"publish","type":"page","link":"https:\/\/www.vsl.nl\/en\/about-vsl\/about-metrology\/","title":{"rendered":"About metrology"},"content":{"rendered":"<div class=\"wpb-content-wrapper\"><p>[vc_section full_width=&#8221;stretch_row&#8221; content_placement=&#8221;middle&#8221; css=&#8221;.vc_custom_1670255638372{background-image: url(https:\/\/www.vsl.nl\/wp-content\/uploads\/2022\/11\/Lab-Foto-WEB-28.jpg?id=2216) !important;background-position: center !important;background-repeat: no-repeat !important;background-size: cover !important;}&#8221; el_class=&#8221;main_header gradient_header dg-position-realtive&#8221;][vc_row equal_height=&#8221;yes&#8221; content_placement=&#8221;middle&#8221; el_class=&#8221;dg-header&#8211;small&#8221;][vc_column width=&#8221;1\/2&#8243; el_class=&#8221;dg-padding-none&#8221;][vc_column_text css=&#8221;.vc_custom_1668267589262{margin-bottom: 0px !important;padding-bottom: 0px !important;}&#8221; el_class=&#8221;text-white&#8221;]<\/p>\n<h1>About metrology<\/h1>\n<p>Metrology is the science of measurement. A measurement always involves a comparison of an unknown quantity with a quantity whose properties are known (standard or reference material). In this regard, determining measurement uncertainty plays an essential role in the reliability of the measurement.[\/vc_column_text][\/vc_column][vc_column width=&#8221;1\/2&#8243;][\/vc_column][\/vc_row][\/vc_section][vc_section full_width=&#8221;stretch_row&#8221; el_class=&#8221;brand_element_small dg-padding-small&#8221; css=&#8221;.vc_custom_1648466054639{background-color: #fafafa !important;}&#8221;][vc_row][vc_column el_class=&#8221;dg-padding-none&#8221;][vc_btn title=&#8221;About VSL&#8221; style=&#8221;flat&#8221; shape=&#8221;square&#8221; size=&#8221;sm&#8221; css=&#8221;.vc_custom_1668267546593{margin-bottom: 0px !important;border-radius: 5px !important;}&#8221; el_class=&#8221;page_btn&#8221; link=&#8221;url:https%3A%2F%2Fwww.vsl.nl%2Fen%2Fabout-vsl%2F|title:About%20VSL|&#8221;][vc_btn title=&#8221;About metrology&#8221; style=&#8221;flat&#8221; shape=&#8221;square&#8221; size=&#8221;sm&#8221; css=&#8221;.vc_custom_1668267578351{margin-bottom: 0px !important;margin-left: 25px !important;border-radius: 5px !important;}&#8221; el_class=&#8221;page_btn page_btn_active&#8221; link=&#8221;url:https%3A%2F%2Fwww.vsl.nl%2Fen%2Fabout-vsl%2Fabout-metrology%2F|title:About%20metrology|&#8221;][vc_btn title=&#8221;Our statutory task&#8221; style=&#8221;flat&#8221; shape=&#8221;square&#8221; size=&#8221;sm&#8221; css=&#8221;.vc_custom_1668267570100{margin-bottom: 0px !important;margin-left: 25px !important;border-radius: 5px !important;}&#8221; el_class=&#8221;page_btn&#8221; link=&#8221;url:https%3A%2F%2Fwww.vsl.nl%2Fen%2Fabout-vsl%2Four-statutory-task%2F|title:Our%20statutory%20task|&#8221;][vc_btn title=&#8221;Quality&#8221; style=&#8221;flat&#8221; shape=&#8221;square&#8221; size=&#8221;sm&#8221; css=&#8221;.vc_custom_1668267031004{margin-bottom: 0px !important;margin-left: 25px !important;border-radius: 5px !important;}&#8221; el_class=&#8221;page_btn&#8221; link=&#8221;url:https%3A%2F%2Fwww.vsl.nl%2Fen%2Fabout-vsl%2Fquality%2F|title:Quality|&#8221;][vc_btn title=&#8221;Certificates&#8221; style=&#8221;flat&#8221; shape=&#8221;square&#8221; size=&#8221;sm&#8221; css=&#8221;.vc_custom_1727257833217{margin-bottom: 0px !important;margin-left: 25px !important;border-radius: 5px !important;}&#8221; el_class=&#8221;page_btn&#8221; link=&#8221;url:https%3A%2F%2Fwww.vsl.nl%2Fen%2Fabout-vsl%2Fcertificates%2F|title:Certificates&#8221;][vc_btn title=&#8221;Support&#8221; style=&#8221;flat&#8221; shape=&#8221;square&#8221; size=&#8221;sm&#8221; css=&#8221;.vc_custom_1672321025957{margin-bottom: 0px !important;margin-left: 25px !important;border-radius: 5px !important;}&#8221; el_class=&#8221;page_btn&#8221; link=&#8221;url:https%3A%2F%2Fwww.vsl.nl%2Fen%2F%3Fpage_id%3D3303|title:Quality|&#8221;][\/vc_column][\/vc_row][\/vc_section][vc_section el_class=&#8221;dg-padding-mid brand_element_small&#8221;][vc_row][vc_column width=&#8221;2\/3&#8243; el_class=&#8221;full_width_responsive dg-padding-none&#8221;][vc_column_text css=&#8221;.vc_custom_1670852816775{padding-right: 10% !important;}&#8221;]<\/p>\n<p class=\"header_subtext\">About metrology<\/p>\n<h2>International agreements<\/h2>\n<p>It is imperative that we use the same standards in international trade. Otherwise, a bolt produced in one country would never fit a nut from another country, for example. Since 1960, the SI system (Syst\u00e8me Internationale), or metric system, has been the official basis for measurements, meaning that we use the same units of measurement both nationally and internationally.<\/p>\n<p><span data-contrast=\"auto\">This system defines seven SI base units: second (time), metre (length), kilogram (mass), Kelvin (temperature), candela (luminous intensity) mole (amount of substance), and ampere (electric current). These are fundamental units for physical quantities adopted and recommended by the General Conference on Weights and Measures (CGPM: Conf\u00e9rence G\u00e9n\u00e9rale des Poids et Mesures). All other SI units can be derived from these base units.<\/span><\/p>\n<p><span data-contrast=\"auto\">In 1999, VSL signed the Mutual Recognition Arrangement (CIPM MRA) of the Bureau Internationale des Poids et Mesures (BIPM) on behalf of the Netherlands, along with many other countries. In it, the signatory countries agreed to accept each other&#8217;s national standards and measurement results based on them.<\/span> [\/vc_column_text][\/vc_column][vc_column width=&#8221;1\/3&#8243; css=&#8221;.vc_custom_1658406431703{margin-top: 0px !important;margin-right: 0px !important;margin-bottom: 0px !important;margin-left: 0px !important;padding-top: 0px !important;padding-right: 0px !important;padding-left: 0px !important;}&#8221; el_class=&#8221;full_width_responsive&#8221;][\/vc_column][\/vc_row][vc_row el_class=&#8221;dg-index-fix dg-padding-small-top&#8221;][vc_column width=&#8221;5\/6&#8243; el_class=&#8221;dg-padding-none full_width_responsive&#8221;][vc_column_text]<\/p>\n<h2 style=\"text-align: left;\">Traceable measurement<\/h2>\n<p>Measurements should be traceable to fixed standards in order to be able to compare measurement results at different locations or times. We can only establish a new world marathon record if the measurements made in that regard are comparable. The same goes for greenhouse gas emissions. If we agree on country-by-country emissions, we need to take measurements in the same way in order to be able to draw conclusions.<\/p>\n<p>National metrology institutes manage and ensure traceability to the primary standards, which enable us to compare the measurements made. In the Netherlands, VSL is responsible for this, providing calibrations with those standards and producing reference materials resulting from them. [\/vc_column_text][\/vc_column][vc_column width=&#8221;1\/6&#8243;][\/vc_column][\/vc_row][vc_row el_class=&#8221;dg-index-fix dg-padding-small-top&#8221;][vc_column width=&#8221;5\/6&#8243; el_class=&#8221;dg-padding-none full_width_responsive&#8221;][vc_column_text]<\/p>\n<h2>The importance of metrology for innovation<\/h2>\n<p>New technologies almost always require accurate measurements. Consider, for example, the precise radiotherapy needed for cancer, the application of nanotechnology in chip production and the generation and transmission of energy. This requires ever higher accuracy and reliability of existing measurements. For example, a split second in online stock market trading makes a crucial difference to a transaction.<\/p>\n<p>New developments require new measurement standards. For example, the ultimate cold fuel LNG (Liquefied Natural Gas) requires a primary standard for measuring it. VSL operates the calibration facility where LNG meters are examined under these conditions. [\/vc_column_text][\/vc_column][vc_column width=&#8221;1\/6&#8243;][\/vc_column][\/vc_row][\/vc_section]<\/p>\n<\/div>","protected":false},"excerpt":{"rendered":"<p>Metrology is the science of measurement. A measurement always involves a comparison of an unknown quantity with a quantity whose properties are known (standard or reference material). In this regard, determining measurement uncertainty plays an essential role in the reliability of the measurement.<\/p>\n","protected":false},"author":3,"featured_media":0,"parent":2872,"menu_order":1,"comment_status":"closed","ping_status":"closed","template":"","meta":{"_acf_changed":false,"inline_featured_image":false,"footnotes":"","_links_to":"","_links_to_target":""},"categories":[],"tags":[],"class_list":["post-2875","page","type-page","status-publish","hentry","description-off"],"acf":[],"yoast_head":"<!-- This site is optimized with the Yoast SEO plugin v27.2 - https:\/\/yoast.com\/product\/yoast-seo-wordpress\/ -->\n<title>About metrology - VSL<\/title>\n<meta name=\"robots\" content=\"index, follow, max-snippet:-1, max-image-preview:large, max-video-preview:-1\" \/>\n<link rel=\"canonical\" href=\"https:\/\/www.vsl.nl\/en\/about-vsl\/about-metrology\/\" \/>\n<meta property=\"og:locale\" content=\"en_US\" \/>\n<meta property=\"og:type\" content=\"article\" \/>\n<meta property=\"og:title\" content=\"About metrology - VSL\" \/>\n<meta property=\"og:description\" content=\"Metrology is the science of measurement. A measurement always involves a comparison of an unknown quantity with a quantity whose properties are known (standard or reference material). In this regard, determining measurement uncertainty plays an essential role in the reliability of the measurement.\" \/>\n<meta property=\"og:url\" content=\"https:\/\/www.vsl.nl\/en\/about-vsl\/about-metrology\/\" \/>\n<meta property=\"og:site_name\" content=\"VSL\" \/>\n<meta property=\"article:modified_time\" content=\"2024-09-25T09:50:34+00:00\" \/>\n<meta name=\"twitter:card\" content=\"summary_large_image\" \/>\n<meta name=\"twitter:label1\" content=\"Est. reading time\" \/>\n\t<meta name=\"twitter:data1\" content=\"3 minutes\" \/>\n<script type=\"application\/ld+json\" class=\"yoast-schema-graph\">{\"@context\":\"https:\/\/schema.org\",\"@graph\":[{\"@type\":\"WebPage\",\"@id\":\"https:\/\/www.vsl.nl\/en\/about-vsl\/about-metrology\/\",\"url\":\"https:\/\/www.vsl.nl\/en\/about-vsl\/about-metrology\/\",\"name\":\"About metrology - VSL\",\"isPartOf\":{\"@id\":\"https:\/\/www.vsl.nl\/#website\"},\"datePublished\":\"2022-12-20T14:41:03+00:00\",\"dateModified\":\"2024-09-25T09:50:34+00:00\",\"breadcrumb\":{\"@id\":\"https:\/\/www.vsl.nl\/en\/about-vsl\/about-metrology\/#breadcrumb\"},\"inLanguage\":\"en-US\",\"potentialAction\":[{\"@type\":\"ReadAction\",\"target\":[\"https:\/\/www.vsl.nl\/en\/about-vsl\/about-metrology\/\"]}]},{\"@type\":\"BreadcrumbList\",\"@id\":\"https:\/\/www.vsl.nl\/en\/about-vsl\/about-metrology\/#breadcrumb\",\"itemListElement\":[{\"@type\":\"ListItem\",\"position\":1,\"name\":\"Home\",\"item\":\"https:\/\/www.vsl.nl\/en\/\"},{\"@type\":\"ListItem\",\"position\":2,\"name\":\"About VSL\",\"item\":\"https:\/\/www.vsl.nl\/en\/about-vsl\/\"},{\"@type\":\"ListItem\",\"position\":3,\"name\":\"About metrology\"}]},{\"@type\":\"WebSite\",\"@id\":\"https:\/\/www.vsl.nl\/#website\",\"url\":\"https:\/\/www.vsl.nl\/\",\"name\":\"VSL\",\"description\":\"Nationaal Metrologisch Instituut\",\"potentialAction\":[{\"@type\":\"SearchAction\",\"target\":{\"@type\":\"EntryPoint\",\"urlTemplate\":\"https:\/\/www.vsl.nl\/?s={search_term_string}\"},\"query-input\":{\"@type\":\"PropertyValueSpecification\",\"valueRequired\":true,\"valueName\":\"search_term_string\"}}],\"inLanguage\":\"en-US\"}]}<\/script>\n<!-- \/ Yoast SEO plugin. -->","yoast_head_json":{"title":"About metrology - VSL","robots":{"index":"index","follow":"follow","max-snippet":"max-snippet:-1","max-image-preview":"max-image-preview:large","max-video-preview":"max-video-preview:-1"},"canonical":"https:\/\/www.vsl.nl\/en\/about-vsl\/about-metrology\/","og_locale":"en_US","og_type":"article","og_title":"About metrology - VSL","og_description":"Metrology is the science of measurement. A measurement always involves a comparison of an unknown quantity with a quantity whose properties are known (standard or reference material). In this regard, determining measurement uncertainty plays an essential role in the reliability of the measurement.","og_url":"https:\/\/www.vsl.nl\/en\/about-vsl\/about-metrology\/","og_site_name":"VSL","article_modified_time":"2024-09-25T09:50:34+00:00","twitter_card":"summary_large_image","twitter_misc":{"Est. reading time":"3 minutes"},"schema":{"@context":"https:\/\/schema.org","@graph":[{"@type":"WebPage","@id":"https:\/\/www.vsl.nl\/en\/about-vsl\/about-metrology\/","url":"https:\/\/www.vsl.nl\/en\/about-vsl\/about-metrology\/","name":"About metrology - VSL","isPartOf":{"@id":"https:\/\/www.vsl.nl\/#website"},"datePublished":"2022-12-20T14:41:03+00:00","dateModified":"2024-09-25T09:50:34+00:00","breadcrumb":{"@id":"https:\/\/www.vsl.nl\/en\/about-vsl\/about-metrology\/#breadcrumb"},"inLanguage":"en-US","potentialAction":[{"@type":"ReadAction","target":["https:\/\/www.vsl.nl\/en\/about-vsl\/about-metrology\/"]}]},{"@type":"BreadcrumbList","@id":"https:\/\/www.vsl.nl\/en\/about-vsl\/about-metrology\/#breadcrumb","itemListElement":[{"@type":"ListItem","position":1,"name":"Home","item":"https:\/\/www.vsl.nl\/en\/"},{"@type":"ListItem","position":2,"name":"About VSL","item":"https:\/\/www.vsl.nl\/en\/about-vsl\/"},{"@type":"ListItem","position":3,"name":"About metrology"}]},{"@type":"WebSite","@id":"https:\/\/www.vsl.nl\/#website","url":"https:\/\/www.vsl.nl\/","name":"VSL","description":"Nationaal Metrologisch Instituut","potentialAction":[{"@type":"SearchAction","target":{"@type":"EntryPoint","urlTemplate":"https:\/\/www.vsl.nl\/?s={search_term_string}"},"query-input":{"@type":"PropertyValueSpecification","valueRequired":true,"valueName":"search_term_string"}}],"inLanguage":"en-US"}]}},"_links":{"self":[{"href":"https:\/\/www.vsl.nl\/en\/wp-json\/wp\/v2\/pages\/2875","targetHints":{"allow":["GET"]}}],"collection":[{"href":"https:\/\/www.vsl.nl\/en\/wp-json\/wp\/v2\/pages"}],"about":[{"href":"https:\/\/www.vsl.nl\/en\/wp-json\/wp\/v2\/types\/page"}],"author":[{"embeddable":true,"href":"https:\/\/www.vsl.nl\/en\/wp-json\/wp\/v2\/users\/3"}],"replies":[{"embeddable":true,"href":"https:\/\/www.vsl.nl\/en\/wp-json\/wp\/v2\/comments?post=2875"}],"version-history":[{"count":0,"href":"https:\/\/www.vsl.nl\/en\/wp-json\/wp\/v2\/pages\/2875\/revisions"}],"up":[{"embeddable":true,"href":"https:\/\/www.vsl.nl\/en\/wp-json\/wp\/v2\/pages\/2872"}],"wp:attachment":[{"href":"https:\/\/www.vsl.nl\/en\/wp-json\/wp\/v2\/media?parent=2875"}],"wp:term":[{"taxonomy":"category","embeddable":true,"href":"https:\/\/www.vsl.nl\/en\/wp-json\/wp\/v2\/categories?post=2875"},{"taxonomy":"post_tag","embeddable":true,"href":"https:\/\/www.vsl.nl\/en\/wp-json\/wp\/v2\/tags?post=2875"}],"curies":[{"name":"wp","href":"https:\/\/api.w.org\/{rel}","templated":true}]}}